{"id":10911,"date":"2018-12-20T02:48:51","date_gmt":"2018-12-20T01:48:51","guid":{"rendered":"https:\/\/lebeninhotel.com\/?page_id=10911"},"modified":"2024-12-29T20:14:23","modified_gmt":"2024-12-29T19:14:23","slug":"offres-news","status":"publish","type":"page","link":"https:\/\/lebenehotel.com\/en\/offres-news\/","title":{"rendered":"Offers &#038; News"},"content":{"rendered":"<div class=\"wpb-content-wrapper\"><p>[vc_row css=&#8221;.vc_custom_1545405598940{padding-bottom: 10px !important;}&#8221;][vc_column width=&#8221;1\/4&#8243;][\/vc_column][vc_column width=&#8221;1\/2&#8243;][vc_custom_heading text=&#8221;Enjoy the latest offers from Hotel Ecole L\u00c9B\u00c9N\u00c8 !&#8221; font_container=&#8221;tag:h2|font_size:36px|text_align:center|line_height:46px&#8221; google_fonts=&#8221;font_family:Playfair%20Display%3Aregular%2Citalic%2C700%2C700italic%2C900%2C900italic|font_style:400%20italic%3A400%3Aitalic&#8221; css=&#8221;.vc_custom_1549630775798{margin-bottom: 40px !important;}&#8221;][vc_column_text]Promotions, exclusives offers or\u00a0privileged acces, find here the opportunities of your\u00a0Hotel Ecole L\u00c9B\u00c9N\u00c8.<\/p>\n<p>Subscribe to the newsletter to receive the latest news.[\/vc_column_text][\/vc_column][vc_column width=&#8221;1\/4&#8243;][\/vc_column][\/vc_row]<\/p>\n<\/div>","protected":false},"excerpt":{"rendered":"<p>[vc_row css=&#8221;.vc_custom_1545405598940{padding-bottom: 10px !important;}&#8221;][vc_column width=&#8221;1\/4&#8243;][\/vc_column][vc_column width=&#8221;1\/2&#8243;][vc_custom_heading text=&#8221;Enjoy the latest offers from Hotel Ecole L\u00c9B\u00c9N\u00c8 !&#8221; font_container=&#8221;tag:h2|font_size:36px|text_align:center|line_height:46px&#8221; google_fonts=&#8221;font_family:Playfair%20Display%3Aregular%2Citalic%2C700%2C700italic%2C900%2C900italic|font_style:400%20italic%3A400%3Aitalic&#8221; css=&#8221;.vc_custom_1549630775798{margin-bottom: 40px !important;}&#8221;][vc_column_text]Promotions, exclusives offers or\u00a0privileged acces, find here the opportunities of your\u00a0Hotel &hellip; <a href=\"https:\/\/lebenehotel.com\/en\/offres-news\/\" class=\"more-link\">Continue reading <span class=\"screen-reader-text\">Offers &#038; News<\/span> <span class=\"meta-nav\">&rarr;<\/span><\/a><\/p>\n","protected":false},"author":1,"featured_media":0,"parent":0,"menu_order":0,"comment_status":"closed","ping_status":"closed","template":"","meta":{"_analytify_skip_tracking":false,"footnotes":""},"class_list":["post-10911","page","type-page","status-publish","hentry"],"yoast_head":"<!-- This site is optimized with the Yoast SEO Premium plugin v24.0 (Yoast SEO v24.1) - https:\/\/yoast.com\/wordpress\/plugins\/seo\/ -->\n<title>Offers &amp; News - H\u00f4tel Ecole L\u00c9B\u00c9N\u00c8<\/title>\n<meta name=\"robots\" content=\"index, follow, max-snippet:-1, max-image-preview:large, max-video-preview:-1\" \/>\n<link rel=\"canonical\" href=\"https:\/\/lebenehotel.com\/en\/offres-news\/\" \/>\n<meta property=\"og:locale\" content=\"en_US\" \/>\n<meta property=\"og:type\" content=\"article\" \/>\n<meta property=\"og:title\" content=\"Offers &amp; News\" \/>\n<meta property=\"og:description\" content=\"[vc_row css=&#8221;.vc_custom_1545405598940{padding-bottom: 10px !important;}&#8221;][vc_column width=&#8221;1\/4&#8243;][\/vc_column][vc_column width=&#8221;1\/2&#8243;][vc_custom_heading text=&#8221;Enjoy the latest offers from Hotel Ecole L\u00c9B\u00c9N\u00c8 !&#8221; font_container=&#8221;tag:h2|font_size:36px|text_align:center|line_height:46px&#8221; google_fonts=&#8221;font_family:Playfair%20Display%3Aregular%2Citalic%2C700%2C700italic%2C900%2C900italic|font_style:400%20italic%3A400%3Aitalic&#8221; css=&#8221;.vc_custom_1549630775798{margin-bottom: 40px !important;}&#8221;][vc_column_text]Promotions, exclusives offers or\u00a0privileged acces, find here the opportunities of your\u00a0Hotel &hellip; Continue reading Offers &#038; News &rarr;\" \/>\n<meta property=\"og:url\" content=\"https:\/\/lebenehotel.com\/en\/offres-news\/\" \/>\n<meta property=\"og:site_name\" content=\"H\u00f4tel Ecole L\u00c9B\u00c9N\u00c8\" \/>\n<meta property=\"article:modified_time\" content=\"2024-12-29T19:14:23+00:00\" \/>\n<meta name=\"twitter:card\" content=\"summary_large_image\" \/>\n<meta name=\"twitter:label1\" content=\"Est. reading time\" \/>\n\t<meta name=\"twitter:data1\" content=\"1 minute\" \/>\n<script type=\"application\/ld+json\" class=\"yoast-schema-graph\">{\"@context\":\"https:\/\/schema.org\",\"@graph\":[{\"@type\":\"WebPage\",\"@id\":\"https:\/\/lebenehotel.com\/en\/offres-news\/\",\"url\":\"https:\/\/lebenehotel.com\/en\/offres-news\/\",\"name\":\"Offers & News - H\u00f4tel Ecole L\u00c9B\u00c9N\u00c8\",\"isPartOf\":{\"@id\":\"https:\/\/lebenehotel.com\/#website\"},\"datePublished\":\"2018-12-20T01:48:51+00:00\",\"dateModified\":\"2024-12-29T19:14:23+00:00\",\"breadcrumb\":{\"@id\":\"https:\/\/lebenehotel.com\/en\/offres-news\/#breadcrumb\"},\"inLanguage\":\"en-US\",\"potentialAction\":[{\"@type\":\"ReadAction\",\"target\":[\"https:\/\/lebenehotel.com\/en\/offres-news\/\"]}]},{\"@type\":\"BreadcrumbList\",\"@id\":\"https:\/\/lebenehotel.com\/en\/offres-news\/#breadcrumb\",\"itemListElement\":[{\"@type\":\"ListItem\",\"position\":1,\"name\":\"Home\",\"item\":\"https:\/\/lebenehotel.com\/en\/\"},{\"@type\":\"ListItem\",\"position\":2,\"name\":\"Offers &#038; News\"}]},{\"@type\":\"WebSite\",\"@id\":\"https:\/\/lebenehotel.com\/#website\",\"url\":\"https:\/\/lebenehotel.com\/\",\"name\":\"H\u00f4tel Ecole L\u00c9B\u00c9N\u00c8\",\"description\":\"\",\"potentialAction\":[{\"@type\":\"SearchAction\",\"target\":{\"@type\":\"EntryPoint\",\"urlTemplate\":\"https:\/\/lebenehotel.com\/?s={search_term_string}\"},\"query-input\":{\"@type\":\"PropertyValueSpecification\",\"valueRequired\":true,\"valueName\":\"search_term_string\"}}],\"inLanguage\":\"en-US\"}]}<\/script>\n<!-- \/ Yoast SEO Premium plugin. -->","yoast_head_json":{"title":"Offers & News - H\u00f4tel Ecole L\u00c9B\u00c9N\u00c8","robots":{"index":"index","follow":"follow","max-snippet":"max-snippet:-1","max-image-preview":"max-image-preview:large","max-video-preview":"max-video-preview:-1"},"canonical":"https:\/\/lebenehotel.com\/en\/offres-news\/","og_locale":"en_US","og_type":"article","og_title":"Offers & News","og_description":"[vc_row css=&#8221;.vc_custom_1545405598940{padding-bottom: 10px !important;}&#8221;][vc_column width=&#8221;1\/4&#8243;][\/vc_column][vc_column width=&#8221;1\/2&#8243;][vc_custom_heading text=&#8221;Enjoy the latest offers from Hotel Ecole L\u00c9B\u00c9N\u00c8 !&#8221; font_container=&#8221;tag:h2|font_size:36px|text_align:center|line_height:46px&#8221; google_fonts=&#8221;font_family:Playfair%20Display%3Aregular%2Citalic%2C700%2C700italic%2C900%2C900italic|font_style:400%20italic%3A400%3Aitalic&#8221; css=&#8221;.vc_custom_1549630775798{margin-bottom: 40px !important;}&#8221;][vc_column_text]Promotions, exclusives offers or\u00a0privileged acces, find here the opportunities of your\u00a0Hotel &hellip; Continue reading Offers &#038; News &rarr;","og_url":"https:\/\/lebenehotel.com\/en\/offres-news\/","og_site_name":"H\u00f4tel Ecole L\u00c9B\u00c9N\u00c8","article_modified_time":"2024-12-29T19:14:23+00:00","twitter_card":"summary_large_image","twitter_misc":{"Est. reading time":"1 minute"},"schema":{"@context":"https:\/\/schema.org","@graph":[{"@type":"WebPage","@id":"https:\/\/lebenehotel.com\/en\/offres-news\/","url":"https:\/\/lebenehotel.com\/en\/offres-news\/","name":"Offers & News - H\u00f4tel Ecole L\u00c9B\u00c9N\u00c8","isPartOf":{"@id":"https:\/\/lebenehotel.com\/#website"},"datePublished":"2018-12-20T01:48:51+00:00","dateModified":"2024-12-29T19:14:23+00:00","breadcrumb":{"@id":"https:\/\/lebenehotel.com\/en\/offres-news\/#breadcrumb"},"inLanguage":"en-US","potentialAction":[{"@type":"ReadAction","target":["https:\/\/lebenehotel.com\/en\/offres-news\/"]}]},{"@type":"BreadcrumbList","@id":"https:\/\/lebenehotel.com\/en\/offres-news\/#breadcrumb","itemListElement":[{"@type":"ListItem","position":1,"name":"Home","item":"https:\/\/lebenehotel.com\/en\/"},{"@type":"ListItem","position":2,"name":"Offers &#038; News"}]},{"@type":"WebSite","@id":"https:\/\/lebenehotel.com\/#website","url":"https:\/\/lebenehotel.com\/","name":"H\u00f4tel Ecole L\u00c9B\u00c9N\u00c8","description":"","potentialAction":[{"@type":"SearchAction","target":{"@type":"EntryPoint","urlTemplate":"https:\/\/lebenehotel.com\/?s={search_term_string}"},"query-input":{"@type":"PropertyValueSpecification","valueRequired":true,"valueName":"search_term_string"}}],"inLanguage":"en-US"}]}},"_links":{"self":[{"href":"https:\/\/lebenehotel.com\/en\/wp-json\/wp\/v2\/pages\/10911","targetHints":{"allow":["GET"]}}],"collection":[{"href":"https:\/\/lebenehotel.com\/en\/wp-json\/wp\/v2\/pages"}],"about":[{"href":"https:\/\/lebenehotel.com\/en\/wp-json\/wp\/v2\/types\/page"}],"author":[{"embeddable":true,"href":"https:\/\/lebenehotel.com\/en\/wp-json\/wp\/v2\/users\/1"}],"replies":[{"embeddable":true,"href":"https:\/\/lebenehotel.com\/en\/wp-json\/wp\/v2\/comments?post=10911"}],"version-history":[{"count":21,"href":"https:\/\/lebenehotel.com\/en\/wp-json\/wp\/v2\/pages\/10911\/revisions"}],"predecessor-version":[{"id":11343,"href":"https:\/\/lebenehotel.com\/en\/wp-json\/wp\/v2\/pages\/10911\/revisions\/11343"}],"wp:attachment":[{"href":"https:\/\/lebenehotel.com\/en\/wp-json\/wp\/v2\/media?parent=10911"}],"curies":[{"name":"wp","href":"https:\/\/api.w.org\/{rel}","templated":true}]}}