{"id":10871,"date":"2016-06-13T09:24:58","date_gmt":"2016-06-13T09:24:58","guid":{"rendered":"https:\/\/lebeninhotel.com\/evenements-services\/"},"modified":"2024-12-29T20:10:46","modified_gmt":"2024-12-29T19:10:46","slug":"evenements-services","status":"publish","type":"page","link":"https:\/\/lebenehotel.com\/en\/evenements-services\/","title":{"rendered":"Events &#038; services"},"content":{"rendered":"<div class=\"wpb-content-wrapper\"><p>[vc_row css=&#8221;.vc_custom_1544972463112{margin-bottom: 20px !important;}&#8221;][vc_column width=&#8221;1\/6&#8243;][\/vc_column][vc_column width=&#8221;2\/3&#8243;][vc_custom_heading text=&#8221;Warm reception halls for your events&#8221; font_container=&#8221;tag:h5|font_size:18px|text_align:center|color:%23040836|line_height:28px&#8221; google_fonts=&#8221;font_family:Playfair%20Display%3Aregular%2Citalic%2C700%2C700italic%2C900%2C900italic|font_style:400%20italic%3A400%3Aitalic&#8221; css=&#8221;.vc_custom_1545736963878{margin-bottom: 20px !important;}&#8221;][vc_column_text css=&#8221;&#8221;]For all your events (seminars, galas, dinners, weddings \u2026) the hotel ECOLE L\u00c9B\u00c9N\u00c8 offers you 4 reception halls that adapt to your needs and a garden that can accommodate up to 1500 people.<\/p>\n<p>We propose different layouts depending on the room[\/vc_column_text][\/vc_column][vc_column width=&#8221;1\/6&#8243;][\/vc_column][\/vc_row][vc_row css=&#8221;.vc_custom_1544972472165{padding-top: 40px !important;background-color: #f8f8f8 !important;}&#8221;][vc_column][vc_row_inner][vc_column_inner][pbr_title_heading title=&#8221;Ous Places&#8221; text_align=&#8221;text-center&#8221;][\/vc_column_inner][\/vc_row_inner][vc_row_inner css=&#8221;.vc_custom_1473126188002{margin-bottom: 30px !important;}&#8221;][vc_column_inner width=&#8221;1\/2&#8243; css=&#8221;.vc_custom_1473044485158{padding-top: 30px !important;padding-right: 30px !important;padding-bottom: 15px !important;background-color: #ffffff !important;}&#8221;][vc_cta h2=&#8221;&#8221; h2_font_container=&#8221;font_size:16px|color:%23666666|line_height:30px&#8221; h2_google_fonts=&#8221;font_family:Lato%3A100%2C100italic%2C300%2C300italic%2Cregular%2Citalic%2C700%2C700italic%2C900%2C900italic|font_style:400%20regular%3A400%3Anormal&#8221; h4=&#8221;ANEHO&#8221; h4_font_container=&#8221;font_size:18px|color:%23000000|line_height:20px&#8221; h4_google_fonts=&#8221;font_family:Playfair%20Display%3Aregular%2Citalic%2C700%2C700italic%2C900%2C900italic|font_style:700%20bold%20regular%3A700%3Anormal&#8221; shape=&#8221;square&#8221; style=&#8221;custom&#8221; add_icon=&#8221;left&#8221; i_icon_fontawesome=&#8221;fa fa-check-circle-o&#8221; i_color=&#8221;custom&#8221; css=&#8221;.vc_custom_1545737066805{background-color: #ffffff !important;}&#8221; use_custom_fonts_h2=&#8221;true&#8221; use_custom_fonts_h4=&#8221;true&#8221; i_on_border=&#8221;true&#8221; custom_background=&#8221;rgba(255,255,255,0.01)&#8221; i_custom_color=&#8221;#0082c2&#8243;]<\/p>\n<ul>\n<li>Theater : 25<\/li>\n<li>Classroom : 12<\/li>\n<li>U : 15<\/li>\n<li>Buffet : 20<\/li>\n<li>Cocktail : 25<\/li>\n<li>Dimension : 25 m<sup>2<\/sup><\/li>\n<\/ul>\n<p>[\/vc_cta][\/vc_column_inner][vc_column_inner width=&#8221;1\/2&#8243; css=&#8221;.vc_custom_1473044677520{padding-top: 30px !important;padding-right: 30px !important;padding-bottom: 15px !important;background-color: #ffffff !important;}&#8221;][vc_cta h2=&#8221;&#8221; h2_font_container=&#8221;font_size:16px|color:%23666666|line_height:30px&#8221; h2_google_fonts=&#8221;font_family:Lato%3A100%2C100italic%2C300%2C300italic%2Cregular%2Citalic%2C700%2C700italic%2C900%2C900italic|font_style:400%20regular%3A400%3Anormal&#8221; h4=&#8221;PYA&#8221; h4_font_container=&#8221;font_size:18px|color:%23000000|line_height:20px&#8221; h4_google_fonts=&#8221;font_family:Playfair%20Display%3Aregular%2Citalic%2C700%2C700italic%2C900%2C900italic|font_style:700%20bold%20regular%3A700%3Anormal&#8221; shape=&#8221;square&#8221; style=&#8221;custom&#8221; add_icon=&#8221;left&#8221; i_icon_fontawesome=&#8221;fa fa-check-circle-o&#8221; i_color=&#8221;custom&#8221; use_custom_fonts_h2=&#8221;true&#8221; use_custom_fonts_h4=&#8221;true&#8221; i_on_border=&#8221;true&#8221; custom_background=&#8221;rgba(255,255,255,0.01)&#8221; i_custom_color=&#8221;#0082c2&#8243;]<\/p>\n<ul>\n<li>Theater : 60<\/li>\n<li>Classroom : 20<\/li>\n<li>U : 25<\/li>\n<li>Buffet : 40<\/li>\n<li>Cocktail : 50<\/li>\n<li>Dimension : 25 m<sup>2<\/sup><\/li>\n<\/ul>\n<p>[\/vc_cta][\/vc_column_inner][\/vc_row_inner][vc_row_inner css=&#8221;.vc_custom_1465812985535{margin-bottom: 70px !important;}&#8221;][vc_column_inner width=&#8221;1\/2&#8243; css=&#8221;.vc_custom_1473044702807{padding-top: 30px !important;padding-right: 30px !important;padding-bottom: 15px !important;background-color: #ffffff !important;}&#8221;][vc_cta h2=&#8221;&#8221; h2_font_container=&#8221;font_size:16px|color:%23666666|line_height:30px&#8221; h2_google_fonts=&#8221;font_family:Lato%3A100%2C100italic%2C300%2C300italic%2Cregular%2Citalic%2C700%2C700italic%2C900%2C900italic|font_style:400%20regular%3A400%3Anormal&#8221; h4=&#8221;KPALIME&#8221; h4_font_container=&#8221;font_size:18px|color:%23000000|line_height:20px&#8221; h4_google_fonts=&#8221;font_family:Playfair%20Display%3Aregular%2Citalic%2C700%2C700italic%2C900%2C900italic|font_style:700%20bold%20regular%3A700%3Anormal&#8221; shape=&#8221;square&#8221; style=&#8221;custom&#8221; add_icon=&#8221;left&#8221; i_icon_fontawesome=&#8221;fa fa-check-circle-o&#8221; i_color=&#8221;custom&#8221; use_custom_fonts_h2=&#8221;true&#8221; use_custom_fonts_h4=&#8221;true&#8221; i_on_border=&#8221;true&#8221; custom_background=&#8221;rgba(255,255,255,0.01)&#8221; i_custom_color=&#8221;#0082c2&#8243;]<\/p>\n<ul>\n<li>Theater : 150<\/li>\n<li>Classroom : 45<\/li>\n<li>U : 40<\/li>\n<li>Buffet : 80<\/li>\n<li>Cocktail : 150<\/li>\n<li>Dimension : 145 m<sup>2<\/sup><\/li>\n<\/ul>\n<p>[\/vc_cta][\/vc_column_inner][vc_column_inner width=&#8221;1\/2&#8243; css=&#8221;.vc_custom_1473044747773{padding-top: 30px !important;padding-right: 30px !important;padding-bottom: 15px !important;background-color: #ffffff !important;}&#8221;][vc_cta h2=&#8221;&#8221; h2_font_container=&#8221;font_size:16px|color:%23666666|line_height:30px&#8221; h2_google_fonts=&#8221;font_family:Lato%3A100%2C100italic%2C300%2C300italic%2Cregular%2Citalic%2C700%2C700italic%2C900%2C900italic|font_style:400%20regular%3A400%3Anormal&#8221; h4=&#8221;DAPAONG&#8221; h4_font_container=&#8221;font_size:18px|color:%23000000|line_height:20px&#8221; h4_google_fonts=&#8221;font_family:Playfair%20Display%3Aregular%2Citalic%2C700%2C700italic%2C900%2C900italic|font_style:700%20bold%20regular%3A700%3Anormal&#8221; shape=&#8221;square&#8221; style=&#8221;custom&#8221; add_icon=&#8221;left&#8221; i_icon_fontawesome=&#8221;fa fa-check-circle-o&#8221; i_color=&#8221;custom&#8221; use_custom_fonts_h2=&#8221;true&#8221; use_custom_fonts_h4=&#8221;true&#8221; i_on_border=&#8221;true&#8221; custom_background=&#8221;rgba(255,255,255,0.01)&#8221; i_custom_color=&#8221;#0082c2&#8243;]<\/p>\n<ul>\n<li>Theater : 150<\/li>\n<li>Classroom : 45<\/li>\n<li>U : 40<\/li>\n<li>Buffet : 80<\/li>\n<li>Cocktail : 150<\/li>\n<li>Dimension : 145 m<sup>2<\/sup><\/li>\n<\/ul>\n<p>[\/vc_cta][\/vc_column_inner][\/vc_row_inner][\/vc_column][\/vc_row][vc_row css=&#8221;.vc_custom_1544990238394{padding-top: 30px !important;}&#8221;][vc_column width=&#8221;1\/4&#8243;][vc_single_image image=&#8221;10721&#8243; img_size=&#8221;full&#8221; onclick=&#8221;link_image&#8221; el_class=&#8221;zoom-1&#8243;][\/vc_column][vc_column width=&#8221;1\/4&#8243;][vc_single_image image=&#8221;10727&#8243; img_size=&#8221;full&#8221; onclick=&#8221;link_image&#8221; el_class=&#8221;zoom-1&#8243;][\/vc_column][vc_column width=&#8221;1\/4&#8243;][vc_single_image image=&#8221;10729&#8243; img_size=&#8221;full&#8221; onclick=&#8221;link_image&#8221; el_class=&#8221;zoom-1&#8243;][\/vc_column][vc_column width=&#8221;1\/4&#8243;][vc_single_image image=&#8221;10733&#8243; img_size=&#8221;full&#8221; onclick=&#8221;link_image&#8221; el_class=&#8221;zoom-1&#8243;][\/vc_column][\/vc_row][vc_row][vc_column width=&#8221;1\/4&#8243;][vc_single_image image=&#8221;10755&#8243; img_size=&#8221;full&#8221; onclick=&#8221;link_image&#8221; el_class=&#8221;zoom-1&#8243;][\/vc_column][vc_column width=&#8221;1\/4&#8243;][vc_single_image image=&#8221;10749&#8243; img_size=&#8221;full&#8221; onclick=&#8221;link_image&#8221; el_class=&#8221;zoom-1&#8243;][\/vc_column][vc_column width=&#8221;1\/4&#8243;][vc_single_image image=&#8221;10735&#8243; img_size=&#8221;full&#8221; onclick=&#8221;link_image&#8221; el_class=&#8221;zoom-1&#8243;][\/vc_column][vc_column width=&#8221;1\/4&#8243;][vc_single_image image=&#8221;10737&#8243; img_size=&#8221;full&#8221; onclick=&#8221;link_image&#8221; el_class=&#8221;zoom-1&#8243;][\/vc_column][\/vc_row][vc_row][vc_column width=&#8221;1\/4&#8243;][vc_single_image image=&#8221;10739&#8243; img_size=&#8221;full&#8221; onclick=&#8221;link_image&#8221; el_class=&#8221;zoom-1&#8243;][\/vc_column][vc_column width=&#8221;1\/4&#8243;][vc_single_image image=&#8221;10741&#8243; img_size=&#8221;full&#8221; onclick=&#8221;link_image&#8221; el_class=&#8221;zoom-1&#8243;][\/vc_column][vc_column width=&#8221;1\/4&#8243;][vc_single_image image=&#8221;10743&#8243; img_size=&#8221;full&#8221; onclick=&#8221;link_image&#8221; el_class=&#8221;zoom-1&#8243;][\/vc_column][vc_column width=&#8221;1\/4&#8243;][vc_single_image image=&#8221;10745&#8243; img_size=&#8221;full&#8221; onclick=&#8221;link_image&#8221; el_class=&#8221;zoom-1&#8243;][\/vc_column][\/vc_row][vc_row][vc_column width=&#8221;1\/4&#8243;][vc_single_image image=&#8221;10747&#8243; img_size=&#8221;full&#8221; onclick=&#8221;link_image&#8221; el_class=&#8221;zoom-1&#8243;][\/vc_column][vc_column width=&#8221;1\/4&#8243;][vc_single_image image=&#8221;10751&#8243; img_size=&#8221;full&#8221; onclick=&#8221;link_image&#8221; el_class=&#8221;zoom-1&#8243;][\/vc_column][vc_column width=&#8221;1\/4&#8243;][\/vc_column][vc_column width=&#8221;1\/4&#8243;][\/vc_column][\/vc_row][vc_row full_width=&#8221;stretch_row&#8221; css=&#8221;.vc_custom_1544971153150{margin-bottom: 50px !important;padding-top: 80px !important;padding-bottom: 100px !important;background-image: url(https:\/\/lebenehotel.com\/assets\/2018\/12\/background-service-traiteur.jpg?id=10705) !important;background-position: center !important;background-repeat: no-repeat !important;background-size: cover !important;}&#8221;][vc_column width=&#8221;1\/2&#8243; css=&#8221;.vc_custom_1545029248851{padding-top: 40px !important;padding-right: 40px !important;background-color: #ffffff !important;}&#8221;][pbr_title_heading title=&#8221;Catering service&#8221; style=&#8221;style-4&#8243;][vc_custom_heading text=&#8221;Make ourselves available for the satisfaction of our customers&#8221; font_container=&#8221;tag:h5|font_size:18px|text_align:left|color:%23040836|line_height:28px&#8221; google_fonts=&#8221;font_family:Playfair%20Display%3Aregular%2Citalic%2C700%2C700italic%2C900%2C900italic|font_style:400%20italic%3A400%3Aitalic&#8221; css=&#8221;.vc_custom_1545207965576{margin-bottom: 20px !important;}&#8221;][vc_column_text]We also offer a complete catering service (meals, delivery, service) at home or in the company.[\/vc_column_text][\/vc_column][vc_column width=&#8221;1\/2&#8243;][\/vc_column][\/vc_row]<\/p>\n<\/div>","protected":false},"excerpt":{"rendered":"<p>[vc_row css=&#8221;.vc_custom_1544972463112{margin-bottom: 20px !important;}&#8221;][vc_column width=&#8221;1\/6&#8243;][\/vc_column][vc_column width=&#8221;2\/3&#8243;][vc_custom_heading text=&#8221;Warm reception halls for your events&#8221; font_container=&#8221;tag:h5|font_size:18px|text_align:center|color:%23040836|line_height:28px&#8221; google_fonts=&#8221;font_family:Playfair%20Display%3Aregular%2Citalic%2C700%2C700italic%2C900%2C900italic|font_style:400%20italic%3A400%3Aitalic&#8221; css=&#8221;.vc_custom_1545736963878{margin-bottom: 20px !important;}&#8221;][vc_column_text css=&#8221;&#8221;]For all your events (seminars, galas, dinners, weddings \u2026) the hotel ECOLE L\u00c9B\u00c9N\u00c8 &hellip; <a href=\"https:\/\/lebenehotel.com\/en\/evenements-services\/\" class=\"more-link\">Continue reading <span class=\"screen-reader-text\">Events &#038; services<\/span> <span class=\"meta-nav\">&rarr;<\/span><\/a><\/p>\n","protected":false},"author":1,"featured_media":0,"parent":0,"menu_order":0,"comment_status":"closed","ping_status":"closed","template":"","meta":{"_analytify_skip_tracking":false,"footnotes":""},"class_list":["post-10871","page","type-page","status-publish","hentry"],"yoast_head":"<!-- This site is optimized with the Yoast SEO Premium plugin v24.0 (Yoast SEO v24.1) - https:\/\/yoast.com\/wordpress\/plugins\/seo\/ -->\n<title>Events &amp; services - H\u00f4tel Ecole L\u00c9B\u00c9N\u00c8<\/title>\n<meta name=\"robots\" content=\"index, follow, max-snippet:-1, max-image-preview:large, max-video-preview:-1\" \/>\n<link rel=\"canonical\" href=\"https:\/\/lebenehotel.com\/en\/evenements-services\/\" \/>\n<meta property=\"og:locale\" content=\"en_US\" \/>\n<meta property=\"og:type\" content=\"article\" \/>\n<meta property=\"og:title\" content=\"Events &amp; services\" \/>\n<meta property=\"og:description\" content=\"[vc_row css=&#8221;.vc_custom_1544972463112{margin-bottom: 20px !important;}&#8221;][vc_column width=&#8221;1\/6&#8243;][\/vc_column][vc_column width=&#8221;2\/3&#8243;][vc_custom_heading text=&#8221;Warm reception halls for your events&#8221; font_container=&#8221;tag:h5|font_size:18px|text_align:center|color:%23040836|line_height:28px&#8221; google_fonts=&#8221;font_family:Playfair%20Display%3Aregular%2Citalic%2C700%2C700italic%2C900%2C900italic|font_style:400%20italic%3A400%3Aitalic&#8221; css=&#8221;.vc_custom_1545736963878{margin-bottom: 20px !important;}&#8221;][vc_column_text css=&#8221;&#8221;]For all your events (seminars, galas, dinners, weddings \u2026) the hotel ECOLE L\u00c9B\u00c9N\u00c8 &hellip; Continue reading Events &#038; services &rarr;\" \/>\n<meta property=\"og:url\" content=\"https:\/\/lebenehotel.com\/en\/evenements-services\/\" \/>\n<meta property=\"og:site_name\" content=\"H\u00f4tel Ecole L\u00c9B\u00c9N\u00c8\" \/>\n<meta property=\"article:modified_time\" content=\"2024-12-29T19:10:46+00:00\" \/>\n<meta name=\"twitter:card\" content=\"summary_large_image\" \/>\n<meta name=\"twitter:label1\" content=\"Est. reading time\" \/>\n\t<meta name=\"twitter:data1\" content=\"5 minutes\" \/>\n<script type=\"application\/ld+json\" class=\"yoast-schema-graph\">{\"@context\":\"https:\/\/schema.org\",\"@graph\":[{\"@type\":\"WebPage\",\"@id\":\"https:\/\/lebenehotel.com\/en\/evenements-services\/\",\"url\":\"https:\/\/lebenehotel.com\/en\/evenements-services\/\",\"name\":\"Events & services - H\u00f4tel Ecole L\u00c9B\u00c9N\u00c8\",\"isPartOf\":{\"@id\":\"https:\/\/lebenehotel.com\/#website\"},\"datePublished\":\"2016-06-13T09:24:58+00:00\",\"dateModified\":\"2024-12-29T19:10:46+00:00\",\"breadcrumb\":{\"@id\":\"https:\/\/lebenehotel.com\/en\/evenements-services\/#breadcrumb\"},\"inLanguage\":\"en-US\",\"potentialAction\":[{\"@type\":\"ReadAction\",\"target\":[\"https:\/\/lebenehotel.com\/en\/evenements-services\/\"]}]},{\"@type\":\"BreadcrumbList\",\"@id\":\"https:\/\/lebenehotel.com\/en\/evenements-services\/#breadcrumb\",\"itemListElement\":[{\"@type\":\"ListItem\",\"position\":1,\"name\":\"Home\",\"item\":\"https:\/\/lebenehotel.com\/en\/\"},{\"@type\":\"ListItem\",\"position\":2,\"name\":\"Events &#038; services\"}]},{\"@type\":\"WebSite\",\"@id\":\"https:\/\/lebenehotel.com\/#website\",\"url\":\"https:\/\/lebenehotel.com\/\",\"name\":\"H\u00f4tel Ecole L\u00c9B\u00c9N\u00c8\",\"description\":\"\",\"potentialAction\":[{\"@type\":\"SearchAction\",\"target\":{\"@type\":\"EntryPoint\",\"urlTemplate\":\"https:\/\/lebenehotel.com\/?s={search_term_string}\"},\"query-input\":{\"@type\":\"PropertyValueSpecification\",\"valueRequired\":true,\"valueName\":\"search_term_string\"}}],\"inLanguage\":\"en-US\"}]}<\/script>\n<!-- \/ Yoast SEO Premium plugin. -->","yoast_head_json":{"title":"Events & services - H\u00f4tel Ecole L\u00c9B\u00c9N\u00c8","robots":{"index":"index","follow":"follow","max-snippet":"max-snippet:-1","max-image-preview":"max-image-preview:large","max-video-preview":"max-video-preview:-1"},"canonical":"https:\/\/lebenehotel.com\/en\/evenements-services\/","og_locale":"en_US","og_type":"article","og_title":"Events & services","og_description":"[vc_row css=&#8221;.vc_custom_1544972463112{margin-bottom: 20px !important;}&#8221;][vc_column width=&#8221;1\/6&#8243;][\/vc_column][vc_column width=&#8221;2\/3&#8243;][vc_custom_heading text=&#8221;Warm reception halls for your events&#8221; font_container=&#8221;tag:h5|font_size:18px|text_align:center|color:%23040836|line_height:28px&#8221; google_fonts=&#8221;font_family:Playfair%20Display%3Aregular%2Citalic%2C700%2C700italic%2C900%2C900italic|font_style:400%20italic%3A400%3Aitalic&#8221; css=&#8221;.vc_custom_1545736963878{margin-bottom: 20px !important;}&#8221;][vc_column_text css=&#8221;&#8221;]For all your events (seminars, galas, dinners, weddings \u2026) the hotel ECOLE L\u00c9B\u00c9N\u00c8 &hellip; Continue reading Events &#038; services &rarr;","og_url":"https:\/\/lebenehotel.com\/en\/evenements-services\/","og_site_name":"H\u00f4tel Ecole L\u00c9B\u00c9N\u00c8","article_modified_time":"2024-12-29T19:10:46+00:00","twitter_card":"summary_large_image","twitter_misc":{"Est. reading time":"5 minutes"},"schema":{"@context":"https:\/\/schema.org","@graph":[{"@type":"WebPage","@id":"https:\/\/lebenehotel.com\/en\/evenements-services\/","url":"https:\/\/lebenehotel.com\/en\/evenements-services\/","name":"Events & services - H\u00f4tel Ecole L\u00c9B\u00c9N\u00c8","isPartOf":{"@id":"https:\/\/lebenehotel.com\/#website"},"datePublished":"2016-06-13T09:24:58+00:00","dateModified":"2024-12-29T19:10:46+00:00","breadcrumb":{"@id":"https:\/\/lebenehotel.com\/en\/evenements-services\/#breadcrumb"},"inLanguage":"en-US","potentialAction":[{"@type":"ReadAction","target":["https:\/\/lebenehotel.com\/en\/evenements-services\/"]}]},{"@type":"BreadcrumbList","@id":"https:\/\/lebenehotel.com\/en\/evenements-services\/#breadcrumb","itemListElement":[{"@type":"ListItem","position":1,"name":"Home","item":"https:\/\/lebenehotel.com\/en\/"},{"@type":"ListItem","position":2,"name":"Events &#038; services"}]},{"@type":"WebSite","@id":"https:\/\/lebenehotel.com\/#website","url":"https:\/\/lebenehotel.com\/","name":"H\u00f4tel Ecole L\u00c9B\u00c9N\u00c8","description":"","potentialAction":[{"@type":"SearchAction","target":{"@type":"EntryPoint","urlTemplate":"https:\/\/lebenehotel.com\/?s={search_term_string}"},"query-input":{"@type":"PropertyValueSpecification","valueRequired":true,"valueName":"search_term_string"}}],"inLanguage":"en-US"}]}},"_links":{"self":[{"href":"https:\/\/lebenehotel.com\/en\/wp-json\/wp\/v2\/pages\/10871","targetHints":{"allow":["GET"]}}],"collection":[{"href":"https:\/\/lebenehotel.com\/en\/wp-json\/wp\/v2\/pages"}],"about":[{"href":"https:\/\/lebenehotel.com\/en\/wp-json\/wp\/v2\/types\/page"}],"author":[{"embeddable":true,"href":"https:\/\/lebenehotel.com\/en\/wp-json\/wp\/v2\/users\/1"}],"replies":[{"embeddable":true,"href":"https:\/\/lebenehotel.com\/en\/wp-json\/wp\/v2\/comments?post=10871"}],"version-history":[{"count":6,"href":"https:\/\/lebenehotel.com\/en\/wp-json\/wp\/v2\/pages\/10871\/revisions"}],"predecessor-version":[{"id":11340,"href":"https:\/\/lebenehotel.com\/en\/wp-json\/wp\/v2\/pages\/10871\/revisions\/11340"}],"wp:attachment":[{"href":"https:\/\/lebenehotel.com\/en\/wp-json\/wp\/v2\/media?parent=10871"}],"curies":[{"name":"wp","href":"https:\/\/api.w.org\/{rel}","templated":true}]}}