{"id":10867,"date":"2018-12-16T22:17:16","date_gmt":"2018-12-16T21:17:16","guid":{"rendered":"https:\/\/lebeninhotel.com\/restauration-bar\/"},"modified":"2024-12-12T13:26:18","modified_gmt":"2024-12-12T12:26:18","slug":"restauration-bar","status":"publish","type":"page","link":"https:\/\/lebenehotel.com\/en\/restauration-bar\/","title":{"rendered":"Catering &#038; Bar"},"content":{"rendered":"<div class=\"wpb-content-wrapper\"><p>[vc_row full_width=&#8221;stretch_row&#8221; css=&#8221;.vc_custom_1734006356931{margin-bottom: 50px !important;padding-top: 80px !important;padding-bottom: 100px !important;background-image: url(https:\/\/lebenehotel.com\/assets\/2024\/12\/bar-le-wharf.jpg?id=11280) !important;background-position: center !important;background-repeat: no-repeat !important;background-size: cover !important;}&#8221;][vc_column width=&#8221;1\/2&#8243; css=&#8221;.vc_custom_1473047363799{padding-top: 40px !important;padding-right: 40px !important;}&#8221;][\/vc_column][vc_column width=&#8221;1\/2&#8243; el_class=&#8221;to-the-right&#8221; css=&#8221;.vc_custom_1545029138604{padding-top: 40px !important;padding-left: 40px !important;background-color: #ffffff !important;}&#8221;][pbr_title_heading title=&#8221;le WHARF&#8221; style=&#8221;style-4&#8243; text_align=&#8221;text-right&#8221;][vc_custom_heading text=&#8221;Making ourselves available for the satisfaction of our customers&#8221; font_container=&#8221;tag:h5|font_size:18px|text_align:right|color:%23040836|line_height:28px&#8221; google_fonts=&#8221;font_family:Playfair%20Display%3Aregular%2Citalic%2C700%2C700italic%2C900%2C900italic|font_style:400%20italic%3A400%3Aitalic&#8221; css=&#8221;.vc_custom_1545736486419{margin-bottom: 20px !important;}&#8221;][vc_column_text]<\/p>\n<p style=\"text-align: right;\">Feeling like having a cocktail or looking for a quiet place for your business meetings, our bar Le WHARF welcomes you in a warm atmosphere with a wide variety of drinks.<\/p>\n<p>[\/vc_column_text][\/vc_column][\/vc_row][vc_row full_width=&#8221;stretch_row&#8221; css=&#8221;.vc_custom_1734006375375{margin-bottom: 50px !important;padding-top: 80px !important;padding-bottom: 100px !important;background-image: url(https:\/\/lebenehotel.com\/assets\/2024\/12\/restaurant-la-paillote.jpg?id=11282) !important;background-position: center !important;background-repeat: no-repeat !important;background-size: cover !important;}&#8221;][vc_column width=&#8221;1\/2&#8243; css=&#8221;.vc_custom_1545029124319{padding-top: 40px !important;padding-right: 40px !important;background-color: #ffffff !important;}&#8221;][pbr_title_heading title=&#8221;la PAILLOTE&#8221; style=&#8221;style-4&#8243;][vc_custom_heading text=&#8221;Making ourselves available for the satisfaction of our customers&#8221; font_container=&#8221;tag:h5|font_size:18px|text_align:left|color:%23040836|line_height:28px&#8221; google_fonts=&#8221;font_family:Playfair%20Display%3Aregular%2Citalic%2C700%2C700italic%2C900%2C900italic|font_style:400%20italic%3A400%3Aitalic&#8221; css=&#8221;.vc_custom_1545736494677{margin-bottom: 20px !important;}&#8221;][vc_column_text]Our restaurant la PAILLOTE offers a varied menu composed of local and western dishes.[\/vc_column_text][\/vc_column][vc_column width=&#8221;1\/2&#8243;][\/vc_column][\/vc_row][vc_row full_width=&#8221;stretch_row&#8221; css=&#8221;.vc_custom_1473047700587{background-color: #f8f8f8 !important;}&#8221;][vc_column css=&#8221;.vc_custom_1545006552630{padding-top: 50px !important;padding-bottom: 50px !important;}&#8221;][pbr_title_heading title=&#8221;Menu&#8221; text_align=&#8221;text-center&#8221;][vc_row_inner][vc_column_inner width=&#8221;1\/2&#8243; css=&#8221;.vc_custom_1473047553249{border-top-width: 8px !important;border-right-width: 8px !important;border-left-width: 8px !important;padding-top: 35px !important;padding-right: 30px !important;padding-left: 30px !important;background-color: #ffffff !important;border-left-color: #f5f5f5 !important;border-left-style: solid !important;border-right-color: #f5f5f5 !important;border-right-style: solid !important;border-top-color: #f5f5f5 !important;border-top-style: solid !important;}&#8221;][pbr_pricing items=&#8221;%5B%7B%22title%22%3A%22Salade%20Tomate%20Mozzarella%22%2C%22subtitle%22%3A%22crudit%C3%A9s%22%7D%2C%7B%22title%22%3A%22Coeur%20de%20Palmier%20%C3%A0%20l&#8217;Eventail%20d&#8217;avocat%20et%20thon%22%2C%22subtitle%22%3A%22crudit%C3%A9s%22%7D%2C%7B%22title%22%3A%22Duo%20de%20foie%20et%20Veau%20et%20g%C3%A9siers%20au%20pois%20chiches%22%2C%22subtitle%22%3A%22crudit%C3%A9s%22%7D%2C%7B%22title%22%3A%22Puits%20de%20tomate%20et%20oeuf%20Mimosa%22%2C%22subtitle%22%3A%22crudit%C3%A9s%22%7D%5D&#8221; title=&#8221;For Guest Member&#8221; price=&#8221;35&#8243; currency=&#8221;$&#8221; subtitle=&#8221;With extra opions&#8221; featured=&#8221;0&#8243; skin=&#8221;v2&#8243;][\/vc_column_inner][vc_column_inner width=&#8221;1\/2&#8243; css=&#8221;.vc_custom_1473047586759{border-top-width: 8px !important;border-right-width: 8px !important;border-bottom-width: 8px !important;border-left-width: 8px !important;padding-top: 35px !important;padding-right: 30px !important;padding-left: 30px !important;background-color: #ffffff !important;border-left-color: #f5f5f5 !important;border-left-style: solid !important;border-right-color: #f5f5f5 !important;border-right-style: solid !important;border-top-color: #f5f5f5 !important;border-top-style: solid !important;border-bottom-color: #f5f5f5 !important;border-bottom-style: solid !important;}&#8221;][pbr_pricing items=&#8221;%5B%7B%22title%22%3A%22Pav%C3%A9%20de%20M%C3%A9rou%20en%20robe%20de%20mer%20%C3%A0%20la%20cr%C3%A8me%20de%20gingembre%20et%20curry%22%2C%22subtitle%22%3A%22garnitures%22%7D%2C%7B%22title%22%3A%22Souris%20d&#8217;Ageau%20confits%20%C3%A0%20la%20confiture%20de%20Cassis%22%2C%22subtitle%22%3A%22garnitures%22%7D%2C%7B%22title%22%3A%22Roti%20de%20ch%C3%A8vre%20au%20pili%20pili%22%2C%22subtitle%22%3A%22garnitures%22%7D%2C%7B%22title%22%3A%22Grillades%20(Poulet-brochettes%20de%20boeuf%20Merguez%20-%20Poissons)%22%2C%22subtitle%22%3A%22garnitures%22%7D%5D&#8221; title=&#8221;For Guest Member&#8221; price=&#8221;35&#8243; currency=&#8221;$&#8221; subtitle=&#8221;With extra opions&#8221; featured=&#8221;0&#8243; skin=&#8221;v2&#8243;][\/vc_column_inner][\/vc_row_inner][\/vc_column][\/vc_row][vc_row css=&#8221;.vc_custom_1545008386893{padding-top: 50px !important;}&#8221;][vc_column width=&#8221;1\/4&#8243;][vc_single_image image=&#8221;11027&#8243; img_size=&#8221;full&#8221; onclick=&#8221;link_image&#8221; el_class=&#8221;zoom-1&#8243;][\/vc_column][vc_column width=&#8221;1\/4&#8243;][vc_single_image image=&#8221;11025&#8243; img_size=&#8221;full&#8221; onclick=&#8221;link_image&#8221; el_class=&#8221;zoom-1&#8243;][\/vc_column][vc_column width=&#8221;1\/4&#8243;][vc_single_image image=&#8221;11021&#8243; img_size=&#8221;full&#8221; onclick=&#8221;link_image&#8221; el_class=&#8221;zoom-1&#8243;][\/vc_column][vc_column width=&#8221;1\/4&#8243;][vc_single_image image=&#8221;11023&#8243; img_size=&#8221;full&#8221; onclick=&#8221;link_image&#8221; el_class=&#8221;zoom-1&#8243;][\/vc_column][\/vc_row][vc_row][vc_column width=&#8221;1\/4&#8243;][vc_single_image image=&#8221;11030&#8243; img_size=&#8221;full&#8221; onclick=&#8221;link_image&#8221; el_class=&#8221;zoom-1&#8243;][\/vc_column][vc_column width=&#8221;1\/4&#8243;][vc_single_image image=&#8221;11032&#8243; img_size=&#8221;full&#8221; onclick=&#8221;link_image&#8221; el_class=&#8221;zoom-1&#8243;][\/vc_column][vc_column width=&#8221;1\/4&#8243;][vc_single_image image=&#8221;11034&#8243; img_size=&#8221;full&#8221; onclick=&#8221;link_image&#8221; el_class=&#8221;zoom-1&#8243;][\/vc_column][vc_column width=&#8221;1\/4&#8243;][vc_single_image image=&#8221;11036&#8243; img_size=&#8221;full&#8221; onclick=&#8221;link_image&#8221; el_class=&#8221;zoom-1&#8243;][\/vc_column][\/vc_row][vc_row css=&#8221;.vc_custom_1545008395013{padding-bottom: 50px !important;}&#8221;][vc_column width=&#8221;1\/4&#8243;][vc_single_image image=&#8221;11040&#8243; img_size=&#8221;full&#8221; onclick=&#8221;link_image&#8221; el_class=&#8221;zoom-1&#8243;][\/vc_column][vc_column width=&#8221;1\/4&#8243;][vc_single_image image=&#8221;11042&#8243; img_size=&#8221;full&#8221; onclick=&#8221;link_image&#8221; el_class=&#8221;zoom-1&#8243;][\/vc_column][vc_column width=&#8221;1\/4&#8243;][vc_single_image image=&#8221;11044&#8243; img_size=&#8221;full&#8221; onclick=&#8221;link_image&#8221; el_class=&#8221;zoom-1&#8243;][\/vc_column][vc_column width=&#8221;1\/4&#8243;][vc_single_image image=&#8221;11113&#8243; img_size=&#8221;full&#8221; onclick=&#8221;link_image&#8221; el_class=&#8221;zoom-1&#8243;][\/vc_column][\/vc_row]<\/p>\n<\/div>","protected":false},"excerpt":{"rendered":"<p>[vc_row full_width=&#8221;stretch_row&#8221; css=&#8221;.vc_custom_1734006356931{margin-bottom: 50px !important;padding-top: 80px !important;padding-bottom: 100px !important;background-image: url(https:\/\/lebenehotel.com\/assets\/2024\/12\/bar-le-wharf.jpg?id=11280) !important;background-position: center !important;background-repeat: no-repeat !important;background-size: cover !important;}&#8221;][vc_column width=&#8221;1\/2&#8243; css=&#8221;.vc_custom_1473047363799{padding-top: 40px !important;padding-right: 40px !important;}&#8221;][\/vc_column][vc_column width=&#8221;1\/2&#8243; el_class=&#8221;to-the-right&#8221; css=&#8221;.vc_custom_1545029138604{padding-top: 40px !important;padding-left: 40px !important;background-color: &hellip; <a href=\"https:\/\/lebenehotel.com\/en\/restauration-bar\/\" class=\"more-link\">Continue reading <span class=\"screen-reader-text\">Catering &#038; Bar<\/span> <span class=\"meta-nav\">&rarr;<\/span><\/a><\/p>\n","protected":false},"author":1,"featured_media":0,"parent":0,"menu_order":0,"comment_status":"closed","ping_status":"closed","template":"","meta":{"_analytify_skip_tracking":false,"footnotes":""},"class_list":["post-10867","page","type-page","status-publish","hentry"],"yoast_head":"<!-- This site is optimized with the Yoast SEO Premium plugin v24.0 (Yoast SEO v24.1) - https:\/\/yoast.com\/wordpress\/plugins\/seo\/ -->\n<title>Catering &amp; Bar - H\u00f4tel Ecole L\u00c9B\u00c9N\u00c8<\/title>\n<meta name=\"robots\" content=\"index, follow, max-snippet:-1, max-image-preview:large, max-video-preview:-1\" \/>\n<link rel=\"canonical\" href=\"https:\/\/lebenehotel.com\/en\/restauration-bar\/\" \/>\n<meta property=\"og:locale\" content=\"en_US\" \/>\n<meta property=\"og:type\" content=\"article\" \/>\n<meta property=\"og:title\" content=\"Catering &amp; Bar\" \/>\n<meta property=\"og:description\" content=\"[vc_row full_width=&#8221;stretch_row&#8221; css=&#8221;.vc_custom_1734006356931{margin-bottom: 50px !important;padding-top: 80px !important;padding-bottom: 100px !important;background-image: url(https:\/\/lebenehotel.com\/assets\/2024\/12\/bar-le-wharf.jpg?id=11280) !important;background-position: center !important;background-repeat: no-repeat !important;background-size: cover !important;}&#8221;][vc_column width=&#8221;1\/2&#8243; css=&#8221;.vc_custom_1473047363799{padding-top: 40px !important;padding-right: 40px !important;}&#8221;][\/vc_column][vc_column width=&#8221;1\/2&#8243; el_class=&#8221;to-the-right&#8221; css=&#8221;.vc_custom_1545029138604{padding-top: 40px !important;padding-left: 40px !important;background-color: &hellip; Continue reading Catering &#038; Bar &rarr;\" \/>\n<meta property=\"og:url\" content=\"https:\/\/lebenehotel.com\/en\/restauration-bar\/\" \/>\n<meta property=\"og:site_name\" content=\"H\u00f4tel Ecole L\u00c9B\u00c9N\u00c8\" \/>\n<meta property=\"article:modified_time\" content=\"2024-12-12T12:26:18+00:00\" \/>\n<meta name=\"twitter:card\" content=\"summary_large_image\" \/>\n<meta name=\"twitter:label1\" content=\"Est. reading time\" \/>\n\t<meta name=\"twitter:data1\" content=\"5 minutes\" \/>\n<script type=\"application\/ld+json\" class=\"yoast-schema-graph\">{\"@context\":\"https:\/\/schema.org\",\"@graph\":[{\"@type\":\"WebPage\",\"@id\":\"https:\/\/lebenehotel.com\/en\/restauration-bar\/\",\"url\":\"https:\/\/lebenehotel.com\/en\/restauration-bar\/\",\"name\":\"Catering & Bar - H\u00f4tel Ecole L\u00c9B\u00c9N\u00c8\",\"isPartOf\":{\"@id\":\"https:\/\/lebenehotel.com\/#website\"},\"datePublished\":\"2018-12-16T21:17:16+00:00\",\"dateModified\":\"2024-12-12T12:26:18+00:00\",\"breadcrumb\":{\"@id\":\"https:\/\/lebenehotel.com\/en\/restauration-bar\/#breadcrumb\"},\"inLanguage\":\"en-US\",\"potentialAction\":[{\"@type\":\"ReadAction\",\"target\":[\"https:\/\/lebenehotel.com\/en\/restauration-bar\/\"]}]},{\"@type\":\"BreadcrumbList\",\"@id\":\"https:\/\/lebenehotel.com\/en\/restauration-bar\/#breadcrumb\",\"itemListElement\":[{\"@type\":\"ListItem\",\"position\":1,\"name\":\"Home\",\"item\":\"https:\/\/lebenehotel.com\/en\/\"},{\"@type\":\"ListItem\",\"position\":2,\"name\":\"Catering &#038; Bar\"}]},{\"@type\":\"WebSite\",\"@id\":\"https:\/\/lebenehotel.com\/#website\",\"url\":\"https:\/\/lebenehotel.com\/\",\"name\":\"H\u00f4tel Ecole L\u00c9B\u00c9N\u00c8\",\"description\":\"\",\"potentialAction\":[{\"@type\":\"SearchAction\",\"target\":{\"@type\":\"EntryPoint\",\"urlTemplate\":\"https:\/\/lebenehotel.com\/?s={search_term_string}\"},\"query-input\":{\"@type\":\"PropertyValueSpecification\",\"valueRequired\":true,\"valueName\":\"search_term_string\"}}],\"inLanguage\":\"en-US\"}]}<\/script>\n<!-- \/ Yoast SEO Premium plugin. -->","yoast_head_json":{"title":"Catering & Bar - H\u00f4tel Ecole L\u00c9B\u00c9N\u00c8","robots":{"index":"index","follow":"follow","max-snippet":"max-snippet:-1","max-image-preview":"max-image-preview:large","max-video-preview":"max-video-preview:-1"},"canonical":"https:\/\/lebenehotel.com\/en\/restauration-bar\/","og_locale":"en_US","og_type":"article","og_title":"Catering & Bar","og_description":"[vc_row full_width=&#8221;stretch_row&#8221; css=&#8221;.vc_custom_1734006356931{margin-bottom: 50px !important;padding-top: 80px !important;padding-bottom: 100px !important;background-image: url(https:\/\/lebenehotel.com\/assets\/2024\/12\/bar-le-wharf.jpg?id=11280) !important;background-position: center !important;background-repeat: no-repeat !important;background-size: cover !important;}&#8221;][vc_column width=&#8221;1\/2&#8243; css=&#8221;.vc_custom_1473047363799{padding-top: 40px !important;padding-right: 40px !important;}&#8221;][\/vc_column][vc_column width=&#8221;1\/2&#8243; el_class=&#8221;to-the-right&#8221; css=&#8221;.vc_custom_1545029138604{padding-top: 40px !important;padding-left: 40px !important;background-color: &hellip; Continue reading Catering &#038; Bar &rarr;","og_url":"https:\/\/lebenehotel.com\/en\/restauration-bar\/","og_site_name":"H\u00f4tel Ecole L\u00c9B\u00c9N\u00c8","article_modified_time":"2024-12-12T12:26:18+00:00","twitter_card":"summary_large_image","twitter_misc":{"Est. reading time":"5 minutes"},"schema":{"@context":"https:\/\/schema.org","@graph":[{"@type":"WebPage","@id":"https:\/\/lebenehotel.com\/en\/restauration-bar\/","url":"https:\/\/lebenehotel.com\/en\/restauration-bar\/","name":"Catering & Bar - H\u00f4tel Ecole L\u00c9B\u00c9N\u00c8","isPartOf":{"@id":"https:\/\/lebenehotel.com\/#website"},"datePublished":"2018-12-16T21:17:16+00:00","dateModified":"2024-12-12T12:26:18+00:00","breadcrumb":{"@id":"https:\/\/lebenehotel.com\/en\/restauration-bar\/#breadcrumb"},"inLanguage":"en-US","potentialAction":[{"@type":"ReadAction","target":["https:\/\/lebenehotel.com\/en\/restauration-bar\/"]}]},{"@type":"BreadcrumbList","@id":"https:\/\/lebenehotel.com\/en\/restauration-bar\/#breadcrumb","itemListElement":[{"@type":"ListItem","position":1,"name":"Home","item":"https:\/\/lebenehotel.com\/en\/"},{"@type":"ListItem","position":2,"name":"Catering &#038; Bar"}]},{"@type":"WebSite","@id":"https:\/\/lebenehotel.com\/#website","url":"https:\/\/lebenehotel.com\/","name":"H\u00f4tel Ecole L\u00c9B\u00c9N\u00c8","description":"","potentialAction":[{"@type":"SearchAction","target":{"@type":"EntryPoint","urlTemplate":"https:\/\/lebenehotel.com\/?s={search_term_string}"},"query-input":{"@type":"PropertyValueSpecification","valueRequired":true,"valueName":"search_term_string"}}],"inLanguage":"en-US"}]}},"_links":{"self":[{"href":"https:\/\/lebenehotel.com\/en\/wp-json\/wp\/v2\/pages\/10867","targetHints":{"allow":["GET"]}}],"collection":[{"href":"https:\/\/lebenehotel.com\/en\/wp-json\/wp\/v2\/pages"}],"about":[{"href":"https:\/\/lebenehotel.com\/en\/wp-json\/wp\/v2\/types\/page"}],"author":[{"embeddable":true,"href":"https:\/\/lebenehotel.com\/en\/wp-json\/wp\/v2\/users\/1"}],"replies":[{"embeddable":true,"href":"https:\/\/lebenehotel.com\/en\/wp-json\/wp\/v2\/comments?post=10867"}],"version-history":[{"count":8,"href":"https:\/\/lebenehotel.com\/en\/wp-json\/wp\/v2\/pages\/10867\/revisions"}],"predecessor-version":[{"id":11288,"href":"https:\/\/lebenehotel.com\/en\/wp-json\/wp\/v2\/pages\/10867\/revisions\/11288"}],"wp:attachment":[{"href":"https:\/\/lebenehotel.com\/en\/wp-json\/wp\/v2\/media?parent=10867"}],"curies":[{"name":"wp","href":"https:\/\/api.w.org\/{rel}","templated":true}]}}