{"id":10822,"date":"2018-12-19T02:50:08","date_gmt":"2018-12-19T01:50:08","guid":{"rendered":"https:\/\/lebeninhotel.com\/?page_id=10822"},"modified":"2024-12-29T20:03:50","modified_gmt":"2024-12-29T19:03:50","slug":"accueil","status":"publish","type":"page","link":"https:\/\/lebenehotel.com\/en\/","title":{"rendered":"Accueil"},"content":{"rendered":"<div class=\"wpb-content-wrapper\"><p>[vc_row isfullwidth=&#8221;0&#8243;][vc_column][rev_slider_vc alias=&#8221;slide-01-en&#8221;][\/vc_column][\/vc_row][vc_row][vc_column css=&#8221;.vc_custom_1488529653077{margin-top: -65px !important;}&#8221;][opalhotel_reservation_form layout=&#8221;horizontal&#8221; display_childrens=&#8221;yes&#8221;][\/vc_column][\/vc_row][vc_row full_width=&#8221;stretch_row_content&#8221; isfullwidth=&#8221;0&#8243; css=&#8221;.vc_custom_1488616065372{padding-right: 25px !important;padding-left: 25px !important;}&#8221;][vc_column width=&#8221;1\/4&#8243; css=&#8221;.vc_custom_1544638839153{margin-top: 20px !important;margin-right: -5px !important;margin-bottom: 20px !important;margin-left: -5px !important;padding-right: 0px !important;padding-left: 0px !important;background-image: url(https:\/\/lebenehotel.com\/assets\/2018\/12\/service-bar-restaurant.jpg?id=10613) !important;background-position: center !important;background-repeat: no-repeat !important;background-size: cover !important;}&#8221;][vc_cta h2=&#8221;Restaurant &amp; Bar&#8221; h2_font_container=&#8221;font_size:40px|color:%23ffffff|line_height:40px&#8221; h2_google_fonts=&#8221;font_family:Playfair%20Display%3Aregular%2Citalic%2C700%2C700italic%2C900%2C900italic|font_style:700%20bold%20regular%3A700%3Anormal&#8221; h4_font_container=&#8221;font_size:14px|color:%23ed145b|line_height:1&#8243; h4_google_fonts=&#8221;font_family:Lato%3A100%2C100italic%2C300%2C300italic%2Cregular%2Citalic%2C700%2C700italic%2C900%2C900italic|font_style:400%20regular%3A400%3Anormal&#8221; shape=&#8221;square&#8221; style=&#8221;flat&#8221; color=&#8221;white&#8221; add_button=&#8221;bottom&#8221; btn_title=&#8221;DISCOVER&#8221; btn_style=&#8221;outline-custom&#8221; btn_outline_custom_color=&#8221;#ffffff&#8221; btn_outline_custom_hover_background=&#8221;rgba(255,255,255,0.01)&#8221; btn_outline_custom_hover_text=&#8221;#0082c2&#8243; btn_shape=&#8221;square&#8221; btn_i_icon_fontawesome=&#8221;fa fa-caret-right&#8221; use_custom_fonts_h2=&#8221;true&#8221; use_custom_fonts_h4=&#8221;true&#8221; btn_add_icon=&#8221;true&#8221; btn_custom_onclick=&#8221;true&#8221; btn_link=&#8221;url:https%3A%2F%2Flebeninhotel.com%2Fen%2Frestauration-bar%2F|title:Restaurant%20%26%20Bar||&#8221;]<\/p>\n<div>Fancy a cocktail or looking for a quiet place for your business meetings&#8230;<\/div>\n<p>[\/vc_cta][\/vc_column][vc_column width=&#8221;1\/4&#8243; css=&#8221;.vc_custom_1734006074108{margin-top: 20px !important;margin-right: -5px !important;margin-bottom: 20px !important;margin-left: -5px !important;padding-right: 0px !important;padding-left: 0px !important;background-image: url(https:\/\/lebenehotel.com\/assets\/2024\/12\/IMG_6513-scaled.jpg?id=11249) !important;background-position: center !important;background-repeat: no-repeat !important;background-size: cover !important;}&#8221;][vc_cta h2=&#8221;Leisure &amp; Relaxation&#8221; h2_font_container=&#8221;font_size:40px|color:%23ffffff|line_height:40px&#8221; h2_google_fonts=&#8221;font_family:Playfair%20Display%3Aregular%2Citalic%2C700%2C700italic%2C900%2C900italic|font_style:700%20bold%20regular%3A700%3Anormal&#8221; h4_font_container=&#8221;font_size:14px|color:%233ab54a|line_height:1&#8243; h4_google_fonts=&#8221;font_family:Lato%3A100%2C100italic%2C300%2C300italic%2Cregular%2Citalic%2C700%2C700italic%2C900%2C900italic|font_style:400%20regular%3A400%3Anormal&#8221; shape=&#8221;square&#8221; style=&#8221;flat&#8221; color=&#8221;white&#8221; add_button=&#8221;bottom&#8221; btn_title=&#8221;DISCOVER&#8221; btn_style=&#8221;outline-custom&#8221; btn_outline_custom_color=&#8221;#ffffff&#8221; btn_outline_custom_hover_background=&#8221;rgba(255,255,255,0.01)&#8221; btn_outline_custom_hover_text=&#8221;#0082c2&#8243; btn_shape=&#8221;square&#8221; btn_i_icon_fontawesome=&#8221;fa fa-caret-right&#8221; use_custom_fonts_h2=&#8221;true&#8221; use_custom_fonts_h4=&#8221;true&#8221; btn_add_icon=&#8221;true&#8221; btn_custom_onclick=&#8221;true&#8221; btn_link=&#8221;url:https%3A%2F%2Flebeninhotel.com%2Fen%2Foffres-news%2F|title:Leisure%20%26%20Relaxation||&#8221;]<\/p>\n<div>For your moments of relaxation and calm, go to the swimming pool&#8230;<\/div>\n<p>[\/vc_cta][\/vc_column][vc_column width=&#8221;1\/4&#8243; css=&#8221;.vc_custom_1544639598495{margin-top: 20px !important;margin-right: -5px !important;margin-bottom: 20px !important;margin-left: -5px !important;padding-right: 0px !important;padding-left: 0px !important;background-image: url(https:\/\/lebenehotel.com\/assets\/2018\/12\/service-reunion-evenement.jpg?id=10623) !important;background-position: center !important;background-repeat: no-repeat !important;background-size: cover !important;}&#8221;][vc_cta h2=&#8221;Meetings &amp; Events&#8221; h2_font_container=&#8221;font_size:40px|color:%23ffffff|line_height:40px&#8221; h2_google_fonts=&#8221;font_family:Playfair%20Display%3Aregular%2Citalic%2C700%2C700italic%2C900%2C900italic|font_style:700%20bold%20regular%3A700%3Anormal&#8221; h4_font_container=&#8221;font_size:14px|color:%23decc32|line_height:1&#8243; h4_google_fonts=&#8221;font_family:Lato%3A100%2C100italic%2C300%2C300italic%2Cregular%2Citalic%2C700%2C700italic%2C900%2C900italic|font_style:400%20regular%3A400%3Anormal&#8221; shape=&#8221;square&#8221; style=&#8221;flat&#8221; color=&#8221;white&#8221; add_button=&#8221;bottom&#8221; btn_title=&#8221;DISCOVER&#8221; btn_style=&#8221;outline-custom&#8221; btn_outline_custom_color=&#8221;#ffffff&#8221; btn_outline_custom_hover_background=&#8221;rgba(255,255,255,0.01)&#8221; btn_outline_custom_hover_text=&#8221;#0082c2&#8243; btn_shape=&#8221;square&#8221; btn_i_icon_fontawesome=&#8221;fa fa-caret-right&#8221; use_custom_fonts_h2=&#8221;true&#8221; use_custom_fonts_h4=&#8221;true&#8221; btn_add_icon=&#8221;true&#8221; btn_custom_onclick=&#8221;true&#8221; btn_link=&#8221;url:https%3A%2F%2Flebeninhotel.com%2Fen%2Fevenements-services%2F|title:Meetings%20%26%20Events||&#8221;]<\/p>\n<div>For all your events (seminars, gala, dinner, weddings &#8230;) the hotel Ecole L\u00c9B\u00c9N\u00c8 has 4 rooms according to your needs and a garden &#8230;<\/div>\n<p>[\/vc_cta][\/vc_column][vc_column width=&#8221;1\/4&#8243; css=&#8221;.vc_custom_1544639706481{margin-top: 20px !important;margin-right: -5px !important;margin-bottom: 20px !important;margin-left: -5px !important;padding-right: 0px !important;padding-left: 0px !important;background-image: url(https:\/\/lebenehotel.com\/assets\/2018\/12\/service-chambres-familiales.jpg?id=10625) !important;background-position: center !important;background-repeat: no-repeat !important;background-size: cover !important;}&#8221;][vc_cta h2=&#8221;Family rooms&#8221; h2_font_container=&#8221;font_size:40px|color:%23ffffff|line_height:40px&#8221; h2_google_fonts=&#8221;font_family:Playfair%20Display%3Aregular%2Citalic%2C700%2C700italic%2C900%2C900italic|font_style:700%20bold%20regular%3A700%3Anormal&#8221; h4_font_container=&#8221;font_size:14px|color:%235ca7a8|line_height:1&#8243; h4_google_fonts=&#8221;font_family:Lato%3A100%2C100italic%2C300%2C300italic%2Cregular%2Citalic%2C700%2C700italic%2C900%2C900italic|font_style:400%20regular%3A400%3Anormal&#8221; shape=&#8221;square&#8221; style=&#8221;flat&#8221; color=&#8221;white&#8221; add_button=&#8221;bottom&#8221; btn_title=&#8221;DISCOVER&#8221; btn_style=&#8221;outline-custom&#8221; btn_outline_custom_color=&#8221;#ffffff&#8221; btn_outline_custom_hover_background=&#8221;rgba(255,255,255,0.01)&#8221; btn_outline_custom_hover_text=&#8221;#0082c2&#8243; btn_shape=&#8221;square&#8221; btn_i_icon_fontawesome=&#8221;fa fa-caret-right&#8221; use_custom_fonts_h2=&#8221;true&#8221; use_custom_fonts_h4=&#8221;true&#8221; btn_add_icon=&#8221;true&#8221; btn_custom_onclick=&#8221;true&#8221; btn_link=&#8221;url:https%3A%2F%2Flebeninhotel.com%2Fen%2Fchambres%2F|title:Family%20rooms||&#8221;]<\/p>\n<div>L\u2019h\u00f4tel Ecole L\u00c9B\u00c9N\u00c8 offers rooms with balconies spread over 3 floors with views of the sea or the city according to your preferences&#8230;<\/div>\n<p>[\/vc_cta][\/vc_column][\/vc_row][vc_row full_width=&#8221;stretch_row_content&#8221; css=&#8221;.vc_custom_1545205939616{padding-right: 15% !important;padding-left: 15% !important;background: #f9f9f9 url(https:\/\/lebenehotel.com\/assets\/2015\/06\/flower-bg-1.jpg?id=9580) !important;background-position: center !important;background-repeat: no-repeat !important;background-size: cover !important;}&#8221;][vc_column width=&#8221;1\/2&#8243; css=&#8221;.vc_custom_1544375227334{padding-top: 50px !important;padding-bottom: 50px !important;}&#8221;][pbr_title_heading title=&#8221;<em>Welcome to H\u00f4tel L\u00c9B\u00c9N\u00c8<\/em>&#8221; descript=&#8221;wo\u00e9zon, labal\u00e8, kabit\u00e9&#8221; text_align=&#8221;text-center&#8221; el_class=&#8221;no-italic&#8221;][vc_cta h2=&#8221;&#8221; h2_font_container=&#8221;font_size:16px|color:%23666666|line_height:30px&#8221; h2_google_fonts=&#8221;font_family:Lato%3A100%2C100italic%2C300%2C300italic%2Cregular%2Citalic%2C700%2C700italic%2C900%2C900italic|font_style:400%20regular%3A400%3Anormal&#8221; h4=&#8221;Our new hotel complex located on the seaside welcomes you. Located in Lom\u00e9, Hotel Ecole L\u00c9B\u00c9N\u00c8 offers a wide range of services for your comfort, Wi-Fi is free, our rooms are air-conditioned and equipped with a flat-screen TV with satellite channels and a desk. Our bathrooms also come with a bathtub or a shower. We also offer a terrace, a 24-hour reception, a free shuttle bus service between the hotel and the airport and free parking. At Hotel L\u00c9B\u00c9N\u00c8, we speak your language!&#8221; h4_font_container=&#8221;font_size:18px|color:%23040836|line_height:34px&#8221; h4_google_fonts=&#8221;font_family:Playfair%20Display%3Aregular%2Citalic%2C700%2C700italic%2C900%2C900italic|font_style:400%20regular%3A400%3Anormal&#8221; shape=&#8221;square&#8221; style=&#8221;custom&#8221; use_custom_fonts_h2=&#8221;true&#8221; use_custom_fonts_h4=&#8221;true&#8221; el_class=&#8221;text-center&#8221; custom_background=&#8221;rgba(255,255,255,0.01)&#8221;][\/vc_cta][\/vc_column][vc_column width=&#8221;1\/2&#8243; css=&#8221;.vc_custom_1544375216852{padding-top: 50px !important;padding-bottom: 5px !important;}&#8221;][vc_row_inner el_class=&#8221;no-padding-row&#8221;][vc_column_inner][vc_single_image image=&#8221;11227&#8243; img_size=&#8221;full&#8221; alignment=&#8221;center&#8221; css=&#8221;.vc_custom_1734006283105{margin-top: 30px !important;}&#8221; el_class=&#8221;zoom-1&#8243;][\/vc_column_inner][\/vc_row_inner][\/vc_column][\/vc_row][vc_row full_width=&#8221;stretch_row_content&#8221; css=&#8221;.vc_custom_1545205949705{padding-right: 15% !important;padding-left: 15% !important;background-image: url(https:\/\/lebenehotel.com\/assets\/2016\/06\/background-012-1.jpg?id=9682) !important;background-position: center !important;background-repeat: no-repeat !important;background-size: cover !important;}&#8221;][vc_column css=&#8221;.vc_custom_1544460342924{padding-top: 50px !important;padding-bottom: 10px !important;}&#8221;][pbr_title_heading title=&#8221;Our rooms&#8221; descript=&#8221;Discover our offers&#8221; text_align=&#8221;text-center&#8221;][opalhotel_overlap_rooms columns=&#8221;2&#8243; orderby=&#8221;most_recent&#8221; number=&#8221;2&#8243; style=&#8221;style-2&#8243; reservation_page=&#8221;opal-hotel-reservation&#8221; layout=&#8221;overlap&#8221;][\/vc_column][\/vc_row][vc_row css=&#8221;.vc_custom_1544641777202{padding-top: 30px !important;padding-bottom: 50px !important;}&#8221;][vc_column][pbr_title_heading title=&#8221;Our services&#8221; descript=&#8221;We offer you&#8221; text_align=&#8221;text-center&#8221;][\/vc_column][vc_column css_animation=&#8221;slideInLeft&#8221; width=&#8221;1\/3&#8243; css=&#8221;.vc_custom_1544654722677{padding-top: 300px !important;padding-right: 10px !important;padding-bottom: 10px !important;padding-left: 10px !important;background-image: url(https:\/\/lebenehotel.com\/assets\/2018\/12\/room-service.jpg?id=10643) !important;background-position: center !important;background-repeat: no-repeat !important;background-size: cover !important;}&#8221;][pbr_featuredbox title=&#8221;ROOM SERVICE&#8221; style=&#8221;v3&#8243; icon=&#8221;&#8221; information=&#8221;Enjoy our full room service. We meet all your expectations from 12PM to 10PM&#8221;][\/vc_column][vc_column css_animation=&#8221;slideInUp&#8221; width=&#8221;1\/3&#8243; css=&#8221;.vc_custom_1544655517731{padding-top: 300px !important;padding-right: 10px !important;padding-bottom: 10px !important;padding-left: 10px !important;background-image: url(https:\/\/lebenehotel.com\/assets\/2018\/12\/airport-navette-02.jpg?id=10649) !important;background-position: center !important;background-repeat: no-repeat !important;background-size: cover !important;}&#8221;][pbr_featuredbox title=&#8221;AIRPORT PICKUP&#8221; style=&#8221;v3&#8243; icon=&#8221;&#8221; information=&#8221;For our customers departing or in transit we offer a shuttle service between the hotel and the airport.&#8221;][\/vc_column][vc_column css_animation=&#8221;slideInRight&#8221; width=&#8221;1\/3&#8243; css=&#8221;.vc_custom_1544654983088{padding-top: 300px !important;padding-right: 10px !important;padding-bottom: 10px !important;padding-left: 10px !important;background-image: url(https:\/\/lebenehotel.com\/assets\/2018\/12\/piscine-exterieur-1.jpg?id=10647) !important;background-position: center !important;background-repeat: no-repeat !important;background-size: cover !important;}&#8221;][pbr_featuredbox title=&#8221;OUTDOOR POOL&#8221; style=&#8221;v3&#8243; icon=&#8221;&#8221; information=&#8221;For your moments of relaxation and calm, go to the pool where you can enjoy the menus of our restaurant La PAILLOTE.&#8221;][\/vc_column][\/vc_row][vc_row full_width=&#8221;stretch_row_content&#8221; css=&#8221;.vc_custom_1734006186161{margin-bottom: -30px !important;padding-right: 15% !important;padding-left: 15% !important;background: #040836 url(https:\/\/lebenehotel.com\/assets\/2024\/12\/IMG_6683-scaled.jpg?id=11221) !important;background-position: center !important;background-repeat: no-repeat !important;background-size: cover !important;}&#8221;][vc_column][vc_separator color=&#8221;custom&#8221; css=&#8221;.vc_custom_1488875153749{margin-bottom: 80px !important;}&#8221; accent_color=&#8221;#e8e8e8&#8243;][vc_row_inner css=&#8221;.vc_custom_1544639911423{margin-right: 0px !important;margin-bottom: 80px !important;margin-left: 0px !important;padding-top: 50px !important;padding-bottom: 50px !important;background-position: center !important;background-repeat: no-repeat !important;background-size: cover !important;}&#8221; el_class=&#8221;be-yellow&#8221;][vc_column_inner width=&#8221;1\/4&#8243;][\/vc_column_inner][vc_column_inner width=&#8221;1\/2&#8243; css=&#8221;.vc_custom_1544410399034{padding-top: 70px !important;padding-bottom: 40px !important;background-color: rgba(26,33,187,0.9) !important;*background-color: rgb(26,33,187) !important;}&#8221;][pbr_title_heading title=&#8221;Hotel Ecole L\u00c9B\u00c9N\u00c8&#8221; descript=&#8221;Visit Us&#8221; text_align=&#8221;text-center&#8221; font_color=&#8221;#ffffff&#8221; desc_color=&#8221;#ffffff&#8221;][\/vc_column_inner][vc_column_inner width=&#8221;1\/4&#8243;][\/vc_column_inner][\/vc_row_inner][\/vc_column][\/vc_row]<\/p>\n<\/div>","protected":false},"excerpt":{"rendered":"<p>[vc_row isfullwidth=&#8221;0&#8243;][vc_column][rev_slider_vc alias=&#8221;slide-01-en&#8221;][\/vc_column][\/vc_row][vc_row][vc_column css=&#8221;.vc_custom_1488529653077{margin-top: -65px !important;}&#8221;][opalhotel_reservation_form layout=&#8221;horizontal&#8221; display_childrens=&#8221;yes&#8221;][\/vc_column][\/vc_row][vc_row full_width=&#8221;stretch_row_content&#8221; isfullwidth=&#8221;0&#8243; css=&#8221;.vc_custom_1488616065372{padding-right: 25px !important;padding-left: 25px !important;}&#8221;][vc_column width=&#8221;1\/4&#8243; css=&#8221;.vc_custom_1544638839153{margin-top: 20px !important;margin-right: -5px !important;margin-bottom: 20px !important;margin-left: -5px !important;padding-right: 0px !important;padding-left: 0px !important;background-image: url(https:\/\/lebenehotel.com\/assets\/2018\/12\/service-bar-restaurant.jpg?id=10613) &hellip; <a href=\"https:\/\/lebenehotel.com\/en\/\" class=\"more-link\">Continue reading <span class=\"screen-reader-text\">Accueil<\/span> <span class=\"meta-nav\">&rarr;<\/span><\/a><\/p>\n","protected":false},"author":1,"featured_media":0,"parent":0,"menu_order":0,"comment_status":"closed","ping_status":"closed","template":"","meta":{"_analytify_skip_tracking":false,"footnotes":""},"class_list":["post-10822","page","type-page","status-publish","hentry"],"yoast_head":"<!-- This site is optimized with the Yoast SEO Premium plugin v24.0 (Yoast SEO v24.1) - https:\/\/yoast.com\/wordpress\/plugins\/seo\/ -->\n<title>Accueil - H\u00f4tel Ecole L\u00c9B\u00c9N\u00c8<\/title>\n<meta name=\"robots\" content=\"index, follow, max-snippet:-1, max-image-preview:large, max-video-preview:-1\" \/>\n<link rel=\"canonical\" href=\"https:\/\/lebenehotel.com\/en\/\" \/>\n<meta property=\"og:locale\" content=\"en_US\" \/>\n<meta property=\"og:type\" content=\"article\" \/>\n<meta property=\"og:title\" content=\"Accueil\" \/>\n<meta property=\"og:description\" content=\"[vc_row isfullwidth=&#8221;0&#8243;][vc_column][rev_slider_vc alias=&#8221;slide-01-en&#8221;][\/vc_column][\/vc_row][vc_row][vc_column css=&#8221;.vc_custom_1488529653077{margin-top: -65px !important;}&#8221;][opalhotel_reservation_form layout=&#8221;horizontal&#8221; display_childrens=&#8221;yes&#8221;][\/vc_column][\/vc_row][vc_row full_width=&#8221;stretch_row_content&#8221; isfullwidth=&#8221;0&#8243; css=&#8221;.vc_custom_1488616065372{padding-right: 25px !important;padding-left: 25px !important;}&#8221;][vc_column width=&#8221;1\/4&#8243; css=&#8221;.vc_custom_1544638839153{margin-top: 20px !important;margin-right: -5px !important;margin-bottom: 20px !important;margin-left: -5px !important;padding-right: 0px !important;padding-left: 0px !important;background-image: url(https:\/\/lebenehotel.com\/assets\/2018\/12\/service-bar-restaurant.jpg?id=10613) &hellip; Continue reading Accueil &rarr;\" \/>\n<meta property=\"og:url\" content=\"https:\/\/lebenehotel.com\/en\/\" \/>\n<meta property=\"og:site_name\" content=\"H\u00f4tel Ecole L\u00c9B\u00c9N\u00c8\" \/>\n<meta property=\"article:modified_time\" content=\"2024-12-29T19:03:50+00:00\" \/>\n<meta name=\"twitter:card\" content=\"summary_large_image\" \/>\n<meta name=\"twitter:label1\" content=\"Est. reading time\" \/>\n\t<meta name=\"twitter:data1\" content=\"4 minutes\" \/>\n<script type=\"application\/ld+json\" class=\"yoast-schema-graph\">{\"@context\":\"https:\/\/schema.org\",\"@graph\":[{\"@type\":\"WebPage\",\"@id\":\"https:\/\/lebenehotel.com\/en\/\",\"url\":\"https:\/\/lebenehotel.com\/en\/\",\"name\":\"Accueil - H\u00f4tel Ecole L\u00c9B\u00c9N\u00c8\",\"isPartOf\":{\"@id\":\"https:\/\/lebenehotel.com\/#website\"},\"datePublished\":\"2018-12-19T01:50:08+00:00\",\"dateModified\":\"2024-12-29T19:03:50+00:00\",\"breadcrumb\":{\"@id\":\"https:\/\/lebenehotel.com\/en\/#breadcrumb\"},\"inLanguage\":\"en-US\",\"potentialAction\":[{\"@type\":\"ReadAction\",\"target\":[\"https:\/\/lebenehotel.com\/en\/\"]}]},{\"@type\":\"BreadcrumbList\",\"@id\":\"https:\/\/lebenehotel.com\/en\/#breadcrumb\",\"itemListElement\":[{\"@type\":\"ListItem\",\"position\":1,\"name\":\"Home\",\"item\":\"https:\/\/lebenehotel.com\/en\/\"},{\"@type\":\"ListItem\",\"position\":2,\"name\":\"Accueil\"}]},{\"@type\":\"WebSite\",\"@id\":\"https:\/\/lebenehotel.com\/#website\",\"url\":\"https:\/\/lebenehotel.com\/\",\"name\":\"H\u00f4tel Ecole L\u00c9B\u00c9N\u00c8\",\"description\":\"\",\"potentialAction\":[{\"@type\":\"SearchAction\",\"target\":{\"@type\":\"EntryPoint\",\"urlTemplate\":\"https:\/\/lebenehotel.com\/?s={search_term_string}\"},\"query-input\":{\"@type\":\"PropertyValueSpecification\",\"valueRequired\":true,\"valueName\":\"search_term_string\"}}],\"inLanguage\":\"en-US\"}]}<\/script>\n<!-- \/ Yoast SEO Premium plugin. -->","yoast_head_json":{"title":"Accueil - H\u00f4tel Ecole L\u00c9B\u00c9N\u00c8","robots":{"index":"index","follow":"follow","max-snippet":"max-snippet:-1","max-image-preview":"max-image-preview:large","max-video-preview":"max-video-preview:-1"},"canonical":"https:\/\/lebenehotel.com\/en\/","og_locale":"en_US","og_type":"article","og_title":"Accueil","og_description":"[vc_row isfullwidth=&#8221;0&#8243;][vc_column][rev_slider_vc alias=&#8221;slide-01-en&#8221;][\/vc_column][\/vc_row][vc_row][vc_column css=&#8221;.vc_custom_1488529653077{margin-top: -65px !important;}&#8221;][opalhotel_reservation_form layout=&#8221;horizontal&#8221; display_childrens=&#8221;yes&#8221;][\/vc_column][\/vc_row][vc_row full_width=&#8221;stretch_row_content&#8221; isfullwidth=&#8221;0&#8243; css=&#8221;.vc_custom_1488616065372{padding-right: 25px !important;padding-left: 25px !important;}&#8221;][vc_column width=&#8221;1\/4&#8243; css=&#8221;.vc_custom_1544638839153{margin-top: 20px !important;margin-right: -5px !important;margin-bottom: 20px !important;margin-left: -5px !important;padding-right: 0px !important;padding-left: 0px !important;background-image: url(https:\/\/lebenehotel.com\/assets\/2018\/12\/service-bar-restaurant.jpg?id=10613) &hellip; Continue reading Accueil &rarr;","og_url":"https:\/\/lebenehotel.com\/en\/","og_site_name":"H\u00f4tel Ecole L\u00c9B\u00c9N\u00c8","article_modified_time":"2024-12-29T19:03:50+00:00","twitter_card":"summary_large_image","twitter_misc":{"Est. reading time":"4 minutes"},"schema":{"@context":"https:\/\/schema.org","@graph":[{"@type":"WebPage","@id":"https:\/\/lebenehotel.com\/en\/","url":"https:\/\/lebenehotel.com\/en\/","name":"Accueil - H\u00f4tel Ecole L\u00c9B\u00c9N\u00c8","isPartOf":{"@id":"https:\/\/lebenehotel.com\/#website"},"datePublished":"2018-12-19T01:50:08+00:00","dateModified":"2024-12-29T19:03:50+00:00","breadcrumb":{"@id":"https:\/\/lebenehotel.com\/en\/#breadcrumb"},"inLanguage":"en-US","potentialAction":[{"@type":"ReadAction","target":["https:\/\/lebenehotel.com\/en\/"]}]},{"@type":"BreadcrumbList","@id":"https:\/\/lebenehotel.com\/en\/#breadcrumb","itemListElement":[{"@type":"ListItem","position":1,"name":"Home","item":"https:\/\/lebenehotel.com\/en\/"},{"@type":"ListItem","position":2,"name":"Accueil"}]},{"@type":"WebSite","@id":"https:\/\/lebenehotel.com\/#website","url":"https:\/\/lebenehotel.com\/","name":"H\u00f4tel Ecole L\u00c9B\u00c9N\u00c8","description":"","potentialAction":[{"@type":"SearchAction","target":{"@type":"EntryPoint","urlTemplate":"https:\/\/lebenehotel.com\/?s={search_term_string}"},"query-input":{"@type":"PropertyValueSpecification","valueRequired":true,"valueName":"search_term_string"}}],"inLanguage":"en-US"}]}},"_links":{"self":[{"href":"https:\/\/lebenehotel.com\/en\/wp-json\/wp\/v2\/pages\/10822","targetHints":{"allow":["GET"]}}],"collection":[{"href":"https:\/\/lebenehotel.com\/en\/wp-json\/wp\/v2\/pages"}],"about":[{"href":"https:\/\/lebenehotel.com\/en\/wp-json\/wp\/v2\/types\/page"}],"author":[{"embeddable":true,"href":"https:\/\/lebenehotel.com\/en\/wp-json\/wp\/v2\/users\/1"}],"replies":[{"embeddable":true,"href":"https:\/\/lebenehotel.com\/en\/wp-json\/wp\/v2\/comments?post=10822"}],"version-history":[{"count":45,"href":"https:\/\/lebenehotel.com\/en\/wp-json\/wp\/v2\/pages\/10822\/revisions"}],"predecessor-version":[{"id":11338,"href":"https:\/\/lebenehotel.com\/en\/wp-json\/wp\/v2\/pages\/10822\/revisions\/11338"}],"wp:attachment":[{"href":"https:\/\/lebenehotel.com\/en\/wp-json\/wp\/v2\/media?parent=10822"}],"curies":[{"name":"wp","href":"https:\/\/api.w.org\/{rel}","templated":true}]}}